{"id":6763,"date":"2025-10-28T16:39:53","date_gmt":"2025-10-28T16:39:53","guid":{"rendered":"https:\/\/www.grupfranch.com\/empresa\/"},"modified":"2026-03-09T11:16:02","modified_gmt":"2026-03-09T11:16:02","slug":"empresa","status":"publish","type":"page","link":"https:\/\/www.grupfranch.com\/ca\/empresa\/","title":{"rendered":"Empresa"},"content":{"rendered":"\t\t<div data-elementor-type=\"wp-page\" data-elementor-id=\"6763\" class=\"elementor elementor-6763 elementor-4871\" data-elementor-post-type=\"page\">\n\t\t\t\t<div class=\"elementor-element elementor-element-1d45057 e-flex e-con-boxed e-con e-parent\" data-id=\"1d45057\" data-element_type=\"container\" data-e-type=\"container\" data-settings=\"{&quot;background_background&quot;:&quot;classic&quot;}\">\n\t\t\t\t\t<div class=\"e-con-inner\">\n\t\t\t\t\t<\/div>\n\t\t\t\t<\/div>\n\t\t<div class=\"elementor-element elementor-element-f942c3a e-grid e-con-boxed e-con e-parent\" data-id=\"f942c3a\" data-element_type=\"container\" data-e-type=\"container\" data-settings=\"{&quot;background_background&quot;:&quot;classic&quot;}\">\n\t\t\t\t\t<div class=\"e-con-inner\">\n\t\t\t\t<div class=\"elementor-element elementor-element-dcd62a5 elementor-widget elementor-widget-heading\" data-id=\"dcd62a5\" data-element_type=\"widget\" data-e-type=\"widget\" data-widget_type=\"heading.default\">\n\t\t\t\t<div class=\"elementor-widget-container\">\n\t\t\t\t\t<h2 class=\"elementor-heading-title elementor-size-default\"><br><br>3a generaci\u00f3 des de<\/h2>\t\t\t\t<\/div>\n\t\t\t\t<\/div>\n\t\t\t\t<div class=\"elementor-element elementor-element-2d32788 elementor-hidden-desktop elementor-hidden-tablet elementor-widget elementor-widget-counter\" data-id=\"2d32788\" data-element_type=\"widget\" data-e-type=\"widget\" data-widget_type=\"counter.default\">\n\t\t\t\t<div class=\"elementor-widget-container\">\n\t\t\t\t\t\t\t<div class=\"elementor-counter\">\n\t\t\t\t\t\t<div class=\"elementor-counter-number-wrapper\">\n\t\t\t\t<span class=\"elementor-counter-number-prefix\"><\/span>\n\t\t\t\t<span class=\"elementor-counter-number\" data-duration=\"2000\" data-to-value=\"1950\" data-from-value=\"1\">1<\/span>\n\t\t\t\t<span class=\"elementor-counter-number-suffix\"><\/span>\n\t\t\t<\/div>\n\t\t<\/div>\n\t\t\t\t\t\t<\/div>\n\t\t\t\t<\/div>\n\t\t\t\t<div class=\"elementor-element elementor-element-8b9ad35 elementor-widget elementor-widget-heading\" data-id=\"8b9ad35\" data-element_type=\"widget\" data-e-type=\"widget\" data-widget_type=\"heading.default\">\n\t\t\t\t<div class=\"elementor-widget-container\">\n\t\t\t\t\t<h2 class=\"elementor-heading-title elementor-size-default\"><br><br>Projectes<\/h2>\t\t\t\t<\/div>\n\t\t\t\t<\/div>\n\t\t\t\t<div class=\"elementor-element elementor-element-5ae7d33 elementor-hidden-desktop elementor-hidden-tablet elementor-widget elementor-widget-counter\" data-id=\"5ae7d33\" data-element_type=\"widget\" data-e-type=\"widget\" data-widget_type=\"counter.default\">\n\t\t\t\t<div class=\"elementor-widget-container\">\n\t\t\t\t\t\t\t<div class=\"elementor-counter\">\n\t\t\t\t\t\t<div class=\"elementor-counter-number-wrapper\">\n\t\t\t\t<span class=\"elementor-counter-number-prefix\"><\/span>\n\t\t\t\t<span class=\"elementor-counter-number\" data-duration=\"2000\" data-to-value=\"5600\" data-from-value=\"1\" data-delimiter=\".\">1<\/span>\n\t\t\t\t<span class=\"elementor-counter-number-suffix\"><\/span>\n\t\t\t<\/div>\n\t\t<\/div>\n\t\t\t\t\t\t<\/div>\n\t\t\t\t<\/div>\n\t\t\t\t<div class=\"elementor-element elementor-element-98093d7 elementor-widget elementor-widget-heading\" data-id=\"98093d7\" data-element_type=\"widget\" data-e-type=\"widget\" data-widget_type=\"heading.default\">\n\t\t\t\t<div class=\"elementor-widget-container\">\n\t\t\t\t\t<h2 class=\"elementor-heading-title elementor-size-default\"><br><br>Clients<\/h2>\t\t\t\t<\/div>\n\t\t\t\t<\/div>\n\t\t\t\t<div class=\"elementor-element elementor-element-e24b4d7 elementor-hidden-desktop elementor-hidden-tablet elementor-widget elementor-widget-counter\" data-id=\"e24b4d7\" data-element_type=\"widget\" data-e-type=\"widget\" data-widget_type=\"counter.default\">\n\t\t\t\t<div class=\"elementor-widget-container\">\n\t\t\t\t\t\t\t<div class=\"elementor-counter\">\n\t\t\t\t\t\t<div class=\"elementor-counter-number-wrapper\">\n\t\t\t\t<span class=\"elementor-counter-number-prefix\"><\/span>\n\t\t\t\t<span class=\"elementor-counter-number\" data-duration=\"2000\" data-to-value=\"325\" data-from-value=\"1\">1<\/span>\n\t\t\t\t<span class=\"elementor-counter-number-suffix\"><\/span>\n\t\t\t<\/div>\n\t\t<\/div>\n\t\t\t\t\t\t<\/div>\n\t\t\t\t<\/div>\n\t\t\t\t\t<\/div>\n\t\t\t\t<\/div>\n\t\t<div class=\"elementor-element elementor-element-fe91383 e-grid elementor-hidden-mobile e-con-boxed e-con e-parent\" data-id=\"fe91383\" data-element_type=\"container\" data-e-type=\"container\">\n\t\t\t\t\t<div class=\"e-con-inner\">\n\t\t\t\t<div class=\"elementor-element elementor-element-c986fb0 elementor-widget elementor-widget-counter\" data-id=\"c986fb0\" data-element_type=\"widget\" data-e-type=\"widget\" data-widget_type=\"counter.default\">\n\t\t\t\t<div class=\"elementor-widget-container\">\n\t\t\t\t\t\t\t<div class=\"elementor-counter\">\n\t\t\t\t\t\t<div class=\"elementor-counter-number-wrapper\">\n\t\t\t\t<span class=\"elementor-counter-number-prefix\"><\/span>\n\t\t\t\t<span class=\"elementor-counter-number\" data-duration=\"2000\" data-to-value=\"1950\" data-from-value=\"1\">1<\/span>\n\t\t\t\t<span class=\"elementor-counter-number-suffix\"><\/span>\n\t\t\t<\/div>\n\t\t<\/div>\n\t\t\t\t\t\t<\/div>\n\t\t\t\t<\/div>\n\t\t\t\t<div class=\"elementor-element elementor-element-6ca7996 elementor-widget elementor-widget-counter\" data-id=\"6ca7996\" data-element_type=\"widget\" data-e-type=\"widget\" data-widget_type=\"counter.default\">\n\t\t\t\t<div class=\"elementor-widget-container\">\n\t\t\t\t\t\t\t<div class=\"elementor-counter\">\n\t\t\t\t\t\t<div class=\"elementor-counter-number-wrapper\">\n\t\t\t\t<span class=\"elementor-counter-number-prefix\"><\/span>\n\t\t\t\t<span class=\"elementor-counter-number\" data-duration=\"2000\" data-to-value=\"5600\" data-from-value=\"1\" data-delimiter=\".\">1<\/span>\n\t\t\t\t<span class=\"elementor-counter-number-suffix\"><\/span>\n\t\t\t<\/div>\n\t\t<\/div>\n\t\t\t\t\t\t<\/div>\n\t\t\t\t<\/div>\n\t\t\t\t<div class=\"elementor-element elementor-element-590fe8c elementor-widget elementor-widget-counter\" data-id=\"590fe8c\" data-element_type=\"widget\" data-e-type=\"widget\" data-widget_type=\"counter.default\">\n\t\t\t\t<div class=\"elementor-widget-container\">\n\t\t\t\t\t\t\t<div class=\"elementor-counter\">\n\t\t\t\t\t\t<div class=\"elementor-counter-number-wrapper\">\n\t\t\t\t<span class=\"elementor-counter-number-prefix\"><\/span>\n\t\t\t\t<span class=\"elementor-counter-number\" data-duration=\"2000\" data-to-value=\"325\" data-from-value=\"1\">1<\/span>\n\t\t\t\t<span class=\"elementor-counter-number-suffix\"><\/span>\n\t\t\t<\/div>\n\t\t<\/div>\n\t\t\t\t\t\t<\/div>\n\t\t\t\t<\/div>\n\t\t\t\t\t<\/div>\n\t\t\t\t<\/div>\n\t\t<div class=\"elementor-element elementor-element-f533cd5 e-flex e-con-boxed e-con e-parent\" data-id=\"f533cd5\" data-element_type=\"container\" data-e-type=\"container\">\n\t\t\t\t\t<div class=\"e-con-inner\">\n\t\t\t\t<div class=\"elementor-element elementor-element-1f39607 elementor-widget elementor-widget-spacer\" data-id=\"1f39607\" data-element_type=\"widget\" data-e-type=\"widget\" data-widget_type=\"spacer.default\">\n\t\t\t\t<div class=\"elementor-widget-container\">\n\t\t\t\t\t\t\t<div class=\"elementor-spacer\">\n\t\t\t<div class=\"elementor-spacer-inner\"><\/div>\n\t\t<\/div>\n\t\t\t\t\t\t<\/div>\n\t\t\t\t<\/div>\n\t\t\t\t\t<\/div>\n\t\t\t\t<\/div>\n\t\t<div class=\"elementor-element elementor-element-cfd2843 e-grid e-con-boxed e-con e-parent\" data-id=\"cfd2843\" data-element_type=\"container\" data-e-type=\"container\">\n\t\t\t\t\t<div class=\"e-con-inner\">\n\t\t\t\t<div class=\"elementor-element elementor-element-9d5b9f5 elementor-widget elementor-widget-text-editor\" data-id=\"9d5b9f5\" data-element_type=\"widget\" data-e-type=\"widget\" data-widget_type=\"text-editor.default\">\n\t\t\t\t<div class=\"elementor-widget-container\">\n\t\t\t\t\t\t\t\t\t<p><strong>Grup Franch<\/strong> \u00e9s una empresa familiar dedicada a la <strong>serralleria per a obra i decoraci\u00f3.<\/strong> Actualment est\u00e0 liderada per la tercera generaci\u00f3 de professionals.<\/p><p>Per treballar el <strong>ferro<\/strong> cal con\u00e8ixer les seves qualitats i saber dominar-lo amb cura i rigor. El <strong>ferro<\/strong> \u00e9s un material noble i resistent, i tanmateix, en treballar-lo pot adquirir la m\u00e9s on\u00edrica de les formes.<br>Els resultats del nostre treball s\u00f3n elements d&#8217;una gran durabilitat i fiabilitat que poden aportar eleg\u00e0ncia, consist\u00e8ncia i disseny als <strong>projectes constructius i de decoraci\u00f3.<\/strong><\/p><p>Per arribar a con\u00e8ixer aquest ofici, \u00e9s imprescindible la capacitat i voluntat d&#8217;aprenentatge, la const\u00e0ncia i la innovaci\u00f3 al llarg dels anys. Estem preparats per realitzar el vostre projecte.<\/p>\t\t\t\t\t\t\t\t<\/div>\n\t\t\t\t<\/div>\n\t\t\t\t<div class=\"elementor-element elementor-element-eada50d elementor-widget elementor-widget-text-editor\" data-id=\"eada50d\" data-element_type=\"widget\" data-e-type=\"widget\" data-widget_type=\"text-editor.default\">\n\t\t\t\t<div class=\"elementor-widget-container\">\n\t\t\t\t\t\t\t\t\t<p>La nostra empresa t\u00e9 dues grans l\u00ednies d&#8217;activitat.<\/p><p>D&#8217;una banda la <strong>realitzaci\u00f3 de projectes de serralleria constructiva i decorativa<\/strong>, que ens permeten ser el soci ideal per a <strong>arquitectes, interioristes i empreses de construcci\u00f3 i\/o reformes.<\/strong><\/p><p>La nostra segona gran l\u00ednia d&#8217;activitat \u00e9s, alhora, el nostre costat m\u00e9s creatiu. <strong>Realitzem projectes decoratius tant de pr\u00f2pia creaci\u00f3 com a proposta dels nostres clients.<\/strong><br>La resist\u00e8ncia i puresa dels diferents acers, els seus diferents acabats, i la combinaci\u00f3 amb altres materials nobles com la fusta o el vidre, creen elements de gran bellesa.<\/p><p><strong>Grup Franch<\/strong> t\u00e9 a m\u00e9s una divisi\u00f3 d&#8217; <strong>expositors met\u00e0l\u00b7lics<\/strong> que aporta <strong>solucions d&#8217;exposici\u00f3 en punts de venda<\/strong> per a tot tipus de productes: <strong><a href=\"https:\/\/ideaexponent.com\/ca\/\">ideaexponent.com<\/a><\/strong><\/p>\t\t\t\t\t\t\t\t<\/div>\n\t\t\t\t<\/div>\n\t\t\t\t\t<\/div>\n\t\t\t\t<\/div>\n\t\t<div class=\"elementor-element elementor-element-6ca4162 e-flex e-con-boxed e-con e-parent\" data-id=\"6ca4162\" data-element_type=\"container\" data-e-type=\"container\">\n\t\t\t\t\t<div class=\"e-con-inner\">\n\t\t\t\t<div class=\"elementor-element elementor-element-a66d1e8 gallery-spacing-custom elementor-widget elementor-widget-image-gallery\" data-id=\"a66d1e8\" data-element_type=\"widget\" data-e-type=\"widget\" data-widget_type=\"image-gallery.default\">\n\t\t\t\t<div class=\"elementor-widget-container\">\n\t\t\t\t\t\t\t<div class=\"elementor-image-gallery\">\n\t\t\t<div id='gallery-1' class='gallery galleryid-6763 gallery-columns-6 gallery-size-thumbnail'><figure class='gallery-item'>\n\t\t\t<div class='gallery-icon landscape'>\n\t\t\t\t<a data-elementor-open-lightbox=\"yes\" data-elementor-lightbox-slideshow=\"a66d1e8\" data-elementor-lightbox-title=\"boston pantalles 435x290\" data-e-action-hash=\"#elementor-action%3Aaction%3Dlightbox%26settings%3DeyJpZCI6Njc1OCwidXJsIjoiaHR0cHM6XC9cL3d3dy5ncnVwZnJhbmNoLmNvbVwvd3AtY29udGVudFwvdXBsb2Fkc1wvMjAyNVwvMTJcL0Jvc3Rvbi1wYW50YWxsYXMtNDM1eDI5MC0xLmpwZyIsInNsaWRlc2hvdyI6ImE2NmQxZTgifQ%3D%3D\" href='https:\/\/www.grupfranch.com\/wp-content\/uploads\/2025\/12\/Boston-pantallas-435x290-1.jpg'><img decoding=\"async\" width=\"150\" height=\"150\" src=\"https:\/\/www.grupfranch.com\/wp-content\/uploads\/2025\/12\/Boston-pantallas-435x290-1-150x150.jpg\" class=\"attachment-thumbnail size-thumbnail\" alt=\"boston pantalles 435x290\" srcset=\"https:\/\/www.grupfranch.com\/wp-content\/uploads\/2025\/12\/Boston-pantallas-435x290-1-150x150.jpg 150w, https:\/\/www.grupfranch.com\/wp-content\/uploads\/2025\/12\/Boston-pantallas-435x290-1-100x100.jpg 100w\" sizes=\"(max-width: 150px) 100vw, 150px\" title=\"Empresa\"><\/a>\n\t\t\t<\/div><\/figure><figure class='gallery-item'>\n\t\t\t<div class='gallery-icon landscape'>\n\t\t\t\t<a data-elementor-open-lightbox=\"yes\" data-elementor-lightbox-slideshow=\"a66d1e8\" data-elementor-lightbox-title=\"taula vidre gran\" data-e-action-hash=\"#elementor-action%3Aaction%3Dlightbox%26settings%3DeyJpZCI6Njc1OSwidXJsIjoiaHR0cHM6XC9cL3d3dy5ncnVwZnJhbmNoLmNvbVwvd3AtY29udGVudFwvdXBsb2Fkc1wvMjAyNVwvMTJcL21lc2FfY3Jpc3RhbF9ncmFuLmpwZyIsInNsaWRlc2hvdyI6ImE2NmQxZTgifQ%3D%3D\" href='https:\/\/www.grupfranch.com\/wp-content\/uploads\/2025\/12\/mesa_cristal_gran.jpg'><img decoding=\"async\" width=\"150\" height=\"150\" src=\"https:\/\/www.grupfranch.com\/wp-content\/uploads\/2025\/12\/mesa_cristal_gran-150x150.jpg\" class=\"attachment-thumbnail size-thumbnail\" alt=\"taula vidre gran\" srcset=\"https:\/\/www.grupfranch.com\/wp-content\/uploads\/2025\/12\/mesa_cristal_gran-150x150.jpg 150w, https:\/\/www.grupfranch.com\/wp-content\/uploads\/2025\/12\/mesa_cristal_gran-300x300.jpg 300w, https:\/\/www.grupfranch.com\/wp-content\/uploads\/2025\/12\/mesa_cristal_gran-100x100.jpg 100w\" sizes=\"(max-width: 150px) 100vw, 150px\" title=\"Empresa\"><\/a>\n\t\t\t<\/div><\/figure><figure class='gallery-item'>\n\t\t\t<div class='gallery-icon landscape'>\n\t\t\t\t<a data-elementor-open-lightbox=\"yes\" data-elementor-lightbox-slideshow=\"a66d1e8\" data-elementor-lightbox-title=\"taula negra gran\" data-e-action-hash=\"#elementor-action%3Aaction%3Dlightbox%26settings%3DeyJpZCI6Njc2MCwidXJsIjoiaHR0cHM6XC9cL3d3dy5ncnVwZnJhbmNoLmNvbVwvd3AtY29udGVudFwvdXBsb2Fkc1wvMjAyNVwvMTJcL21lc2FfbmVncmFfZ3Jhbi5qcGciLCJzbGlkZXNob3ciOiJhNjZkMWU4In0%3D\" href='https:\/\/www.grupfranch.com\/wp-content\/uploads\/2025\/12\/mesa_negra_gran.jpg'><img decoding=\"async\" width=\"150\" height=\"150\" src=\"https:\/\/www.grupfranch.com\/wp-content\/uploads\/2025\/12\/mesa_negra_gran-150x150.jpg\" class=\"attachment-thumbnail size-thumbnail\" alt=\"taula negra gran\" srcset=\"https:\/\/www.grupfranch.com\/wp-content\/uploads\/2025\/12\/mesa_negra_gran-150x150.jpg 150w, https:\/\/www.grupfranch.com\/wp-content\/uploads\/2025\/12\/mesa_negra_gran-300x300.jpg 300w, https:\/\/www.grupfranch.com\/wp-content\/uploads\/2025\/12\/mesa_negra_gran-100x100.jpg 100w\" sizes=\"(max-width: 150px) 100vw, 150px\" title=\"Empresa\"><\/a>\n\t\t\t<\/div><\/figure><figure class='gallery-item'>\n\t\t\t<div class='gallery-icon landscape'>\n\t\t\t\t<a data-elementor-open-lightbox=\"yes\" data-elementor-lightbox-slideshow=\"a66d1e8\" data-elementor-lightbox-title=\"porta acces 316x316\" data-e-action-hash=\"#elementor-action%3Aaction%3Dlightbox%26settings%3DeyJpZCI6Njc0NSwidXJsIjoiaHR0cHM6XC9cL3d3dy5ncnVwZnJhbmNoLmNvbVwvd3AtY29udGVudFwvdXBsb2Fkc1wvMjAyNVwvMTBcL3B1ZXJ0YV9hY2Nlc29fMzE2eDMxNi5qcGciLCJzbGlkZXNob3ciOiJhNjZkMWU4In0%3D\" href='https:\/\/www.grupfranch.com\/wp-content\/uploads\/2025\/10\/puerta_acceso_316x316.jpg'><img loading=\"lazy\" decoding=\"async\" width=\"150\" height=\"150\" src=\"https:\/\/www.grupfranch.com\/wp-content\/uploads\/2025\/10\/puerta_acceso_316x316-150x150.jpg\" class=\"attachment-thumbnail size-thumbnail\" alt=\"porta acces 316x316\" srcset=\"https:\/\/www.grupfranch.com\/wp-content\/uploads\/2025\/10\/puerta_acceso_316x316-150x150.jpg 150w, https:\/\/www.grupfranch.com\/wp-content\/uploads\/2025\/10\/puerta_acceso_316x316-300x300.jpg 300w, https:\/\/www.grupfranch.com\/wp-content\/uploads\/2025\/10\/puerta_acceso_316x316-100x100.jpg 100w, https:\/\/www.grupfranch.com\/wp-content\/uploads\/2025\/10\/puerta_acceso_316x316.jpg 316w\" sizes=\"(max-width: 150px) 100vw, 150px\" title=\"Empresa\"><\/a>\n\t\t\t<\/div><\/figure><figure class='gallery-item'>\n\t\t\t<div class='gallery-icon portrait'>\n\t\t\t\t<a data-elementor-open-lightbox=\"yes\" data-elementor-lightbox-slideshow=\"a66d1e8\" data-elementor-lightbox-title=\"cadaqu\u00e9s gran\" data-e-action-hash=\"#elementor-action%3Aaction%3Dlightbox%26settings%3DeyJpZCI6Njc2MSwidXJsIjoiaHR0cHM6XC9cL3d3dy5ncnVwZnJhbmNoLmNvbVwvd3AtY29udGVudFwvdXBsb2Fkc1wvMjAyNVwvMTJcL0NhZGFxdWVzX2dyYW4uanBnIiwic2xpZGVzaG93IjoiYTY2ZDFlOCJ9\" href='https:\/\/www.grupfranch.com\/wp-content\/uploads\/2025\/12\/Cadaques_gran.jpg'><img loading=\"lazy\" decoding=\"async\" width=\"150\" height=\"150\" src=\"https:\/\/www.grupfranch.com\/wp-content\/uploads\/2025\/12\/Cadaques_gran-150x150.jpg\" class=\"attachment-thumbnail size-thumbnail\" alt=\"cadaqu\u00e9s gran\" srcset=\"https:\/\/www.grupfranch.com\/wp-content\/uploads\/2025\/12\/Cadaques_gran-150x150.jpg 150w, https:\/\/www.grupfranch.com\/wp-content\/uploads\/2025\/12\/Cadaques_gran-300x300.jpg 300w, https:\/\/www.grupfranch.com\/wp-content\/uploads\/2025\/12\/Cadaques_gran-100x100.jpg 100w\" sizes=\"(max-width: 150px) 100vw, 150px\" title=\"Empresa\"><\/a>\n\t\t\t<\/div><\/figure><figure class='gallery-item'>\n\t\t\t<div class='gallery-icon landscape'>\n\t\t\t\t<a data-elementor-open-lightbox=\"yes\" data-elementor-lightbox-slideshow=\"a66d1e8\" data-elementor-lightbox-title=\"estanteria cantonera\" data-e-action-hash=\"#elementor-action%3Aaction%3Dlightbox%26settings%3DeyJpZCI6Njc2MiwidXJsIjoiaHR0cHM6XC9cL3d3dy5ncnVwZnJhbmNoLmNvbVwvd3AtY29udGVudFwvdXBsb2Fkc1wvMjAyNVwvMTJcL0VzdGFudGVyaWEtZXNxdWluZXJhLmpwZyIsInNsaWRlc2hvdyI6ImE2NmQxZTgifQ%3D%3D\" href='https:\/\/www.grupfranch.com\/wp-content\/uploads\/2025\/12\/Estanteria-esquinera.jpg'><img loading=\"lazy\" decoding=\"async\" width=\"150\" height=\"150\" src=\"https:\/\/www.grupfranch.com\/wp-content\/uploads\/2025\/12\/Estanteria-esquinera-150x150.jpg\" class=\"attachment-thumbnail size-thumbnail\" alt=\"estanteria cantonera\" srcset=\"https:\/\/www.grupfranch.com\/wp-content\/uploads\/2025\/12\/Estanteria-esquinera-150x150.jpg 150w, https:\/\/www.grupfranch.com\/wp-content\/uploads\/2025\/12\/Estanteria-esquinera-100x100.jpg 100w\" sizes=\"(max-width: 150px) 100vw, 150px\" title=\"Empresa\"><\/a>\n\t\t\t<\/div><\/figure>\n\t\t<\/div>\n\t\t<\/div>\n\t\t\t\t\t\t<\/div>\n\t\t\t\t<\/div>\n\t\t\t\t<div class=\"elementor-element elementor-element-da01abb elementor-widget elementor-widget-spacer\" data-id=\"da01abb\" data-element_type=\"widget\" data-e-type=\"widget\" data-widget_type=\"spacer.default\">\n\t\t\t\t<div class=\"elementor-widget-container\">\n\t\t\t\t\t\t\t<div class=\"elementor-spacer\">\n\t\t\t<div class=\"elementor-spacer-inner\"><\/div>\n\t\t<\/div>\n\t\t\t\t\t\t<\/div>\n\t\t\t\t<\/div>\n\t\t\t\t\t<\/div>\n\t\t\t\t<\/div>\n\t\t\t\t<\/div>\n\t\t","protected":false},"excerpt":{"rendered":"<p>3a generaci\u00f3 des de 1 Projectes 1 Clients 1 1 1 1 Grup Franch \u00e9s una empresa familiar dedicada a la serralleria per a obra i decoraci\u00f3. Actualment est\u00e0 liderada per la tercera generaci\u00f3 de professionals. Per treballar el ferro cal con\u00e8ixer les seves qualitats i saber dominar-lo amb cura i rigor. El ferro \u00e9s [&hellip;]<\/p>\n","protected":false},"author":1,"featured_media":0,"parent":0,"menu_order":0,"comment_status":"closed","ping_status":"closed","template":"","meta":{"om_disable_all_campaigns":false,"_monsterinsights_skip_tracking":false,"_monsterinsights_sitenote_active":false,"_monsterinsights_sitenote_note":"","_monsterinsights_sitenote_category":0,"_uf_show_specific_survey":0,"_uf_disable_surveys":false,"site-sidebar-layout":"no-sidebar","site-content-layout":"page-builder","ast-site-content-layout":"full-width-container","site-content-style":"unboxed","site-sidebar-style":"unboxed","ast-global-header-display":"","ast-banner-title-visibility":"","ast-main-header-display":"","ast-hfb-above-header-display":"","ast-hfb-below-header-display":"","ast-hfb-mobile-header-display":"","site-post-title":"disabled","ast-breadcrumbs-content":"","ast-featured-img":"disabled","footer-sml-layout":"","ast-disable-related-posts":"","theme-transparent-header-meta":"enabled","adv-header-id-meta":"","stick-header-meta":"","header-above-stick-meta":"","header-main-stick-meta":"","header-below-stick-meta":"","astra-migrate-meta-layouts":"default","ast-page-background-enabled":"default","ast-page-background-meta":{"desktop":{"background-color":"","background-image":"","background-repeat":"repeat","background-position":"center center","background-size":"auto","background-attachment":"scroll","background-type":"","background-media":"","overlay-type":"","overlay-color":"","overlay-opacity":"","overlay-gradient":""},"tablet":{"background-color":"","background-image":"","background-repeat":"repeat","background-position":"center center","background-size":"auto","background-attachment":"scroll","background-type":"","background-media":"","overlay-type":"","overlay-color":"","overlay-opacity":"","overlay-gradient":""},"mobile":{"background-color":"","background-image":"","background-repeat":"repeat","background-position":"center center","background-size":"auto","background-attachment":"scroll","background-type":"","background-media":"","overlay-type":"","overlay-color":"","overlay-opacity":"","overlay-gradient":""}},"ast-content-background-meta":{"desktop":{"background-color":"var(--ast-global-color-5)","background-image":"","background-repeat":"repeat","background-position":"center center","background-size":"auto","background-attachment":"scroll","background-type":"","background-media":"","overlay-type":"","overlay-color":"","overlay-opacity":"","overlay-gradient":""},"tablet":{"background-color":"var(--ast-global-color-5)","background-image":"","background-repeat":"repeat","background-position":"center center","background-size":"auto","background-attachment":"scroll","background-type":"","background-media":"","overlay-type":"","overlay-color":"","overlay-opacity":"","overlay-gradient":""},"mobile":{"background-color":"var(--ast-global-color-5)","background-image":"","background-repeat":"repeat","background-position":"center center","background-size":"auto","background-attachment":"scroll","background-type":"","background-media":"","overlay-type":"","overlay-color":"","overlay-opacity":"","overlay-gradient":""}},"footnotes":""},"class_list":["post-6763","page","type-page","status-publish","hentry"],"aioseo_notices":[],"_links":{"self":[{"href":"https:\/\/www.grupfranch.com\/ca\/wp-json\/wp\/v2\/pages\/6763","targetHints":{"allow":["GET"]}}],"collection":[{"href":"https:\/\/www.grupfranch.com\/ca\/wp-json\/wp\/v2\/pages"}],"about":[{"href":"https:\/\/www.grupfranch.com\/ca\/wp-json\/wp\/v2\/types\/page"}],"author":[{"embeddable":true,"href":"https:\/\/www.grupfranch.com\/ca\/wp-json\/wp\/v2\/users\/1"}],"replies":[{"embeddable":true,"href":"https:\/\/www.grupfranch.com\/ca\/wp-json\/wp\/v2\/comments?post=6763"}],"version-history":[{"count":1,"href":"https:\/\/www.grupfranch.com\/ca\/wp-json\/wp\/v2\/pages\/6763\/revisions"}],"predecessor-version":[{"id":6764,"href":"https:\/\/www.grupfranch.com\/ca\/wp-json\/wp\/v2\/pages\/6763\/revisions\/6764"}],"wp:attachment":[{"href":"https:\/\/www.grupfranch.com\/ca\/wp-json\/wp\/v2\/media?parent=6763"}],"curies":[{"name":"wp","href":"https:\/\/api.w.org\/{rel}","templated":true}]}}